{"id":2,"date":"2025-12-09T14:58:03","date_gmt":"2025-12-09T14:58:03","guid":{"rendered":"https:\/\/utaf.lv\/?page_id=2"},"modified":"2025-12-12T10:16:22","modified_gmt":"2025-12-12T08:16:22","slug":"sample-page","status":"publish","type":"page","link":"https:\/\/utaf.lv\/","title":{"rendered":"Latvijas \u016adenstransporta darbinieku federat\u012bv\u0101 arodbiedr\u012bba (\u016aTAF)"},"content":{"rendered":"\n<p>Latvijas \u016adenstransporta darbinieku federat\u012bv\u0101 arodbiedr\u012bba ir dibin\u0101ta 1990. gad\u0101 ar nosaukumu Latvijas \u016adens transporta arodbiedr\u012bbu feder\u0101cija un t\u0101 ir \u013coti liela organiz\u0101cija, kur\u0101 \u0161obr\u012bd ir apvienoju\u0161ies ostas darbinieki, dokeri, j\u016brnieki, ku\u0123u remont\u0113t\u0101ji un citi darbinieki.<\/p>\n\n\n\n<p>\u016aTAF ir Starptautisk\u0101s Transporta darbinieku feder\u0101cijas (ITF) un Eiropas Transporta darbinieku feder\u0101cijas (ETF) dal\u012bborganiz\u0101cija, k\u0101 ar\u012b viena no Latvijas Br\u012bvo arodbiedr\u012bbu savien\u012bbas (LBAS) dibin\u0101t\u0101j\u0101m un dal\u012bborganiz\u0101cij\u0101m.<\/p>\n\n\n\n<p><strong>ATCERIES!<br>M\u016bsu sp\u0113ks ir vienot\u012bb\u0101! Jo vair\u0101k biedru ir m\u016bsu arodbiedr\u012bb\u0101, jo t\u0101 ir stipr\u0101ka un ietekm\u012bg\u0101ka. Tikai kop\u0101 z\u016bd bailes atkl\u0101ti paust savu viedokli darba dev\u0113jiem, dro\u0161i r\u012bkoties un sasniegt m\u0113r\u0137us.<\/strong><\/p>\n\n\n\n<p>\u016aTAF ir izveidota, lai pal\u012bdz\u0113tu atrisin\u0101t tavas darba probl\u0113mas!<\/p>\n\n\n\n<p><strong>Arodbiedr\u012bba:<\/strong><\/p>\n\n\n\n<ul class=\"wp-block-list\">\n<li>aizst\u0101v\u0113s tavas darba, soci\u0101l\u0101s un ekonomisk\u0101s ties\u012bbas un intereses;<\/li>\n\n\n\n<li>cent\u012bsies pan\u0101kt tavu darba apst\u0101k\u013cu uzlabojumu;<\/li>\n\n\n\n<li>r\u016bp\u0113sies, lai tav\u0101 darbaviet\u0101 b\u016btu nosl\u0113gts darba l\u012bgums un kopl\u012bgums, k\u0101 ar\u012b lai tiktu iev\u0113rotas darba aizsardz\u012bbas un dro\u0161\u012bbas tehnikas normas;<\/li>\n\n\n\n<li>sniegs bezmaksas juridisko pal\u012bdz\u012bbu darba un soci\u0101lekonomiskajos jaut\u0101jumos;<\/li>\n\n\n\n<li>nodro\u0161in\u0101s arodbiedr\u012bbas biedriem noteikt\u0101s garantijas un atvieglojumus.<\/li>\n<\/ul>\n\n\n\n<p><strong>\u016aTAF rekviz\u012bti:<\/strong><\/p>\n\n\n\n<p>Latvijas \u016adenstransporta darbinieku federat\u012bv\u0101 arodbiedr\u012bba<br>Re\u0123istr\u0101cijas numurs: 40008043811<br>Adrese: Bru\u0146inieku iela 29\/31 \u2013 415 kab., R\u012bga, LV-1001<br>E-pasts: <a href=\"mailto:info@utaf.lv\">info@utaf.lv<\/a>; T\u0101lr.: 67035930<\/p>\n\n\n\n<p><\/p>\n","protected":false},"excerpt":{"rendered":"<p>Latvijas \u016adenstransporta darbinieku federat\u012bv\u0101 arodbiedr\u012bba ir dibin\u0101ta 1990. gad\u0101 ar nosaukumu Latvijas \u016adens transporta arodbiedr\u012bbu feder\u0101cija un t\u0101 ir \u013coti liela organiz\u0101cija, kur\u0101 \u0161obr\u012bd ir apvienoju\u0161ies ostas darbinieki, dokeri, j\u016brnieki, ku\u0123u remont\u0113t\u0101ji un citi darbinieki. \u016aTAF ir Starptautisk\u0101s Transporta darbinieku feder\u0101cijas (ITF) un Eiropas Transporta darbinieku feder\u0101cijas (ETF) dal\u012bborganiz\u0101cija, k\u0101 ar\u012b viena no Latvijas Br\u012bvo [&hellip;]<\/p>\n","protected":false},"author":1,"featured_media":0,"parent":0,"menu_order":0,"comment_status":"closed","ping_status":"open","template":"","meta":{"footnotes":""},"class_list":["post-2","page","type-page","status-publish","hentry"],"_links":{"self":[{"href":"https:\/\/utaf.lv\/index.php\/wp-json\/wp\/v2\/pages\/2","targetHints":{"allow":["GET"]}}],"collection":[{"href":"https:\/\/utaf.lv\/index.php\/wp-json\/wp\/v2\/pages"}],"about":[{"href":"https:\/\/utaf.lv\/index.php\/wp-json\/wp\/v2\/types\/page"}],"author":[{"embeddable":true,"href":"https:\/\/utaf.lv\/index.php\/wp-json\/wp\/v2\/users\/1"}],"replies":[{"embeddable":true,"href":"https:\/\/utaf.lv\/index.php\/wp-json\/wp\/v2\/comments?post=2"}],"version-history":[{"count":3,"href":"https:\/\/utaf.lv\/index.php\/wp-json\/wp\/v2\/pages\/2\/revisions"}],"predecessor-version":[{"id":40,"href":"https:\/\/utaf.lv\/index.php\/wp-json\/wp\/v2\/pages\/2\/revisions\/40"}],"wp:attachment":[{"href":"https:\/\/utaf.lv\/index.php\/wp-json\/wp\/v2\/media?parent=2"}],"curies":[{"name":"wp","href":"https:\/\/api.w.org\/{rel}","templated":true}]}}